{"id":244,"date":"2019-08-29T16:21:59","date_gmt":"2019-08-29T16:21:59","guid":{"rendered":"https:\/\/trangwebvang.net\/kimbaohotel\/?page_id=244"},"modified":"2019-09-21T09:19:20","modified_gmt":"2019-09-21T09:19:20","slug":"suite-room","status":"publish","type":"page","link":"https:\/\/kimbaohotel.com.vn\/vi\/suite-room\/","title":{"rendered":"Suite Room"},"content":{"rendered":"<div class=\"slider-wrapper relative\" id=\"slider-142084672\" >\n    <div class=\"slider slider-nav-circle slider-nav-large slider-nav-light slider-style-normal\"\n        data-flickity-options='{\n            \"cellAlign\": \"center\",\n            \"imagesLoaded\": true,\n            \"lazyLoad\": 1,\n            \"freeScroll\": false,\n            \"wrapAround\": true,\n            \"autoPlay\": 4500,\n            \"pauseAutoPlayOnHover\" : true,\n            \"prevNextButtons\": true,\n            \"contain\" : true,\n            \"adaptiveHeight\" : true,\n            \"dragThreshold\" : 10,\n            \"percentPosition\": true,\n            \"pageDots\": false,\n            \"rightToLeft\": false,\n            \"draggable\": true,\n            \"selectedAttraction\": 0.1,\n            \"parallax\" : 0,\n            \"friction\": 0.6        }'\n        >\n        \n\t<div class=\"img has-hover x md-x lg-x y md-y lg-y\" id=\"image_1053545046\">\n\t\t\t\t\t\t\t\t<div class=\"img-inner dark\" >\n\t\t\t<img loading=\"lazy\" decoding=\"async\" width=\"1020\" height=\"340\" src=\"https:\/\/kimbaohotel.com.vn\/wp-content\/uploads\/sites\/128\/2019\/08\/banner_suite.jpg\" class=\"attachment-large size-large\" alt=\"\" srcset=\"https:\/\/kimbaohotel.com.vn\/wp-content\/uploads\/sites\/128\/2019\/08\/banner_suite.jpg 1200w, https:\/\/kimbaohotel.com.vn\/wp-content\/uploads\/sites\/128\/2019\/08\/banner_suite-300x100.jpg 300w, https:\/\/kimbaohotel.com.vn\/wp-content\/uploads\/sites\/128\/2019\/08\/banner_suite-768x256.jpg 768w\" sizes=\"auto, (max-width: 1020px) 100vw, 1020px\" \/>\t\t\t\t\t\t\n\t\t\t\t\t<\/div>\n\t\t\t\t\t\t\t\t\n<style>\n#image_1053545046 {\n  width: 100%;\n}\n<\/style>\n\t<\/div>\n\t\n\t<div class=\"img has-hover x md-x lg-x y md-y lg-y\" id=\"image_1092891324\">\n\t\t\t\t\t\t\t\t<div class=\"img-inner dark\" >\n\t\t\t<img loading=\"lazy\" decoding=\"async\" width=\"1020\" height=\"340\" src=\"https:\/\/kimbaohotel.com.vn\/wp-content\/uploads\/sites\/128\/2019\/08\/grand1.jpg\" class=\"attachment-large size-large\" alt=\"\" srcset=\"https:\/\/kimbaohotel.com.vn\/wp-content\/uploads\/sites\/128\/2019\/08\/grand1.jpg 1200w, https:\/\/kimbaohotel.com.vn\/wp-content\/uploads\/sites\/128\/2019\/08\/grand1-300x100.jpg 300w, https:\/\/kimbaohotel.com.vn\/wp-content\/uploads\/sites\/128\/2019\/08\/grand1-768x256.jpg 768w\" sizes=\"auto, (max-width: 1020px) 100vw, 1020px\" \/>\t\t\t\t\t\t\n\t\t\t\t\t<\/div>\n\t\t\t\t\t\t\t\t\n<style>\n#image_1092891324 {\n  width: 100%;\n}\n<\/style>\n\t<\/div>\n\t\n\t<div class=\"img has-hover x md-x lg-x y md-y lg-y\" id=\"image_903149810\">\n\t\t\t\t\t\t\t\t<div class=\"img-inner dark\" >\n\t\t\t<img loading=\"lazy\" decoding=\"async\" width=\"1020\" height=\"340\" src=\"https:\/\/kimbaohotel.com.vn\/wp-content\/uploads\/sites\/128\/2019\/08\/grand2.jpg\" class=\"attachment-large size-large\" alt=\"\" srcset=\"https:\/\/kimbaohotel.com.vn\/wp-content\/uploads\/sites\/128\/2019\/08\/grand2.jpg 1200w, https:\/\/kimbaohotel.com.vn\/wp-content\/uploads\/sites\/128\/2019\/08\/grand2-300x100.jpg 300w, https:\/\/kimbaohotel.com.vn\/wp-content\/uploads\/sites\/128\/2019\/08\/grand2-768x256.jpg 768w\" sizes=\"auto, (max-width: 1020px) 100vw, 1020px\" \/>\t\t\t\t\t\t\n\t\t\t\t\t<\/div>\n\t\t\t\t\t\t\t\t\n<style>\n#image_903149810 {\n  width: 100%;\n}\n<\/style>\n\t<\/div>\n\t\n     <\/div>\n\n     <div class=\"loading-spin dark large centered\"><\/div>\n\n\t<\/div>\n\n\n\t<div id=\"gap-757463670\" class=\"gap-element clearfix\" style=\"display:block; height:auto;\">\n\t\t\n<style>\n#gap-757463670 {\n  padding-top: 30px;\n}\n<\/style>\n\t<\/div>\n\t\n<div class=\"row\"  id=\"row-1950087761\">\n\n\t<div id=\"col-1590313707\" class=\"col small-12 large-12\"  >\n\t\t\t\t<div class=\"col-inner\"  >\n\t\t\t\n\t\t\t\n<div class=\"row\"  id=\"row-639105548\">\n\n\t<div id=\"col-139315704\" class=\"col medium-8 small-12 large-8\"  >\n\t\t\t\t<div class=\"col-inner\"  >\n\t\t\t\n\t\t\t\n<div class=\"slider-wrapper relative\" id=\"slider-79678998\" >\n    <div class=\"slider slider-nav-circle slider-nav-large slider-nav-light slider-style-normal\"\n        data-flickity-options='{\n            \"cellAlign\": \"center\",\n            \"imagesLoaded\": true,\n            \"lazyLoad\": 1,\n            \"freeScroll\": false,\n            \"wrapAround\": true,\n            \"autoPlay\": 4500,\n            \"pauseAutoPlayOnHover\" : true,\n            \"prevNextButtons\": true,\n            \"contain\" : true,\n            \"adaptiveHeight\" : true,\n            \"dragThreshold\" : 10,\n            \"percentPosition\": true,\n            \"pageDots\": false,\n            \"rightToLeft\": false,\n            \"draggable\": true,\n            \"selectedAttraction\": 0.1,\n            \"parallax\" : 0,\n            \"friction\": 0.6        }'\n        >\n        \n\t<div class=\"img has-hover x md-x lg-x y md-y lg-y\" id=\"image_615359638\">\n\t\t\t\t\t\t<div data-animate=\"fadeInLeft\">\t\t<div class=\"img-inner image-zoom image-zoom box-shadow-3 dark\" >\n\t\t\t<img loading=\"lazy\" decoding=\"async\" width=\"700\" height=\"465\" src=\"https:\/\/kimbaohotel.com.vn\/wp-content\/uploads\/sites\/128\/2019\/08\/suite1.jpg\" class=\"attachment-large size-large\" alt=\"\" srcset=\"https:\/\/kimbaohotel.com.vn\/wp-content\/uploads\/sites\/128\/2019\/08\/suite1.jpg 700w, https:\/\/kimbaohotel.com.vn\/wp-content\/uploads\/sites\/128\/2019\/08\/suite1-300x199.jpg 300w\" sizes=\"auto, (max-width: 700px) 100vw, 700px\" \/>\t\t\t\t\t\t\n\t\t\t\t\t<\/div>\n\t\t<\/div>\t\t\t\t\t\t\n<style>\n#image_615359638 {\n  width: 100%;\n}\n<\/style>\n\t<\/div>\n\t\n\t<div class=\"img has-hover x md-x lg-x y md-y lg-y\" id=\"image_1266657309\">\n\t\t\t\t\t\t\t\t<div class=\"img-inner dark\" >\n\t\t\t<img loading=\"lazy\" decoding=\"async\" width=\"700\" height=\"465\" src=\"https:\/\/kimbaohotel.com.vn\/wp-content\/uploads\/sites\/128\/2019\/08\/grand5.jpg\" class=\"attachment-large size-large\" alt=\"\" srcset=\"https:\/\/kimbaohotel.com.vn\/wp-content\/uploads\/sites\/128\/2019\/08\/grand5.jpg 700w, https:\/\/kimbaohotel.com.vn\/wp-content\/uploads\/sites\/128\/2019\/08\/grand5-300x199.jpg 300w\" sizes=\"auto, (max-width: 700px) 100vw, 700px\" \/>\t\t\t\t\t\t\n\t\t\t\t\t<\/div>\n\t\t\t\t\t\t\t\t\n<style>\n#image_1266657309 {\n  width: 100%;\n}\n<\/style>\n\t<\/div>\n\t\n\t<div class=\"img has-hover x md-x lg-x y md-y lg-y\" id=\"image_151460569\">\n\t\t\t\t\t\t\t\t<div class=\"img-inner dark\" >\n\t\t\t<img loading=\"lazy\" decoding=\"async\" width=\"700\" height=\"465\" src=\"https:\/\/kimbaohotel.com.vn\/wp-content\/uploads\/sites\/128\/2019\/08\/grand4.jpg\" class=\"attachment-large size-large\" alt=\"\" srcset=\"https:\/\/kimbaohotel.com.vn\/wp-content\/uploads\/sites\/128\/2019\/08\/grand4.jpg 700w, https:\/\/kimbaohotel.com.vn\/wp-content\/uploads\/sites\/128\/2019\/08\/grand4-300x199.jpg 300w\" sizes=\"auto, (max-width: 700px) 100vw, 700px\" \/>\t\t\t\t\t\t\n\t\t\t\t\t<\/div>\n\t\t\t\t\t\t\t\t\n<style>\n#image_151460569 {\n  width: 100%;\n}\n<\/style>\n\t<\/div>\n\t\n\t<div class=\"img has-hover x md-x lg-x y md-y lg-y\" id=\"image_379464689\">\n\t\t\t\t\t\t\t\t<div class=\"img-inner dark\" >\n\t\t\t<img loading=\"lazy\" decoding=\"async\" width=\"700\" height=\"465\" src=\"https:\/\/kimbaohotel.com.vn\/wp-content\/uploads\/sites\/128\/2019\/08\/grand10.jpg\" class=\"attachment-large size-large\" alt=\"\" srcset=\"https:\/\/kimbaohotel.com.vn\/wp-content\/uploads\/sites\/128\/2019\/08\/grand10.jpg 700w, https:\/\/kimbaohotel.com.vn\/wp-content\/uploads\/sites\/128\/2019\/08\/grand10-300x199.jpg 300w\" sizes=\"auto, (max-width: 700px) 100vw, 700px\" \/>\t\t\t\t\t\t\n\t\t\t\t\t<\/div>\n\t\t\t\t\t\t\t\t\n<style>\n#image_379464689 {\n  width: 100%;\n}\n<\/style>\n\t<\/div>\n\t\n\t<div class=\"img has-hover x md-x lg-x y md-y lg-y\" id=\"image_959782367\">\n\t\t\t\t\t\t\t\t<div class=\"img-inner dark\" >\n\t\t\t<img loading=\"lazy\" decoding=\"async\" width=\"700\" height=\"465\" src=\"https:\/\/kimbaohotel.com.vn\/wp-content\/uploads\/sites\/128\/2019\/08\/suite3.jpg\" class=\"attachment-large size-large\" alt=\"\" srcset=\"https:\/\/kimbaohotel.com.vn\/wp-content\/uploads\/sites\/128\/2019\/08\/suite3.jpg 700w, https:\/\/kimbaohotel.com.vn\/wp-content\/uploads\/sites\/128\/2019\/08\/suite3-300x199.jpg 300w\" sizes=\"auto, (max-width: 700px) 100vw, 700px\" \/>\t\t\t\t\t\t\n\t\t\t\t\t<\/div>\n\t\t\t\t\t\t\t\t\n<style>\n#image_959782367 {\n  width: 100%;\n}\n<\/style>\n\t<\/div>\n\t\n     <\/div>\n\n     <div class=\"loading-spin dark large centered\"><\/div>\n\n\t<\/div>\n\n\n\t\t<\/div>\n\t\t\t\t\t<\/div>\n\n\t\n\n\t<div id=\"col-1692509989\" class=\"col medium-4 small-12 large-4\"  data-animate=\"fadeInRight\">\n\t\t\t\t<div class=\"col-inner\"  >\n\t\t\t\n\t\t\t\n<div class=\"container section-title-container\" ><h2 class=\"section-title section-title-center\"><b><\/b><span class=\"section-title-main\" >Suite room<\/span><b><\/b><\/h2><\/div>\n<p style=\"text-align: center\"><span style=\"font-size: 90%\">Di\u1ec7n t\u00edch: 45m<sup>2<\/sup><\/span><br \/><span style=\"font-size: 90%\">1 queen size bed<\/span><br \/><span style=\"font-size: 90%\">View h\u1ed3 v\u00e0 view th\u00e0nh ph\u1ed1 \/ view s\u00f4ng Th\u00e1i B\u00ecnh<\/span><br \/><span style=\"font-size: 90%\">B\u1ed3n t\u1eafm n\u1eb1m<\/span><br \/><span style=\"font-size: 90%\">N\u01b0\u1edbc u\u1ed1ng, tr\u00e0, cafe mi\u1ec5n ph\u00ed<\/span><br \/><span style=\"font-size: 90%\">Mi\u1ec5n ph\u00ed b\u1ec3 b\u01a1i ngo\u00e0i tr\u1eddi v\u00e0 ph\u00f2ng t\u1eadp gym<\/span><\/p>\n<a data-animate=\"flipInX\" href=\"https:\/\/kimbaohotel.com.vn\/vi\/dat-phong\/\" class=\"button alert is-gloss is-larger box-shadow-3 box-shadow-5-hover\"  style=\"border-radius:99px;\">\n\t\t<span>BOOK NOW<\/span>\n\t<i class=\"icon-angle-right\" aria-hidden=\"true\" ><\/i><\/a>\n\n\t\t<\/div>\n\t\t\t\t\t<\/div>\n\n\t\n<\/div>\n\t\t<\/div>\n\t\t\t\t\t<\/div>\n\n\t\n<\/div>\n\n\t<section class=\"section\" id=\"section_1599067905\">\n\t\t<div class=\"section-bg fill\" >\n\t\t\t\t\t\t\t\t\t\n\t\t\t\n\n\t\t<\/div>\n\n\t\t\n\n\t\t<div class=\"section-content relative\">\n\t\t\t\n<div class=\"row\"  id=\"row-1439138195\">\n\n\t<div id=\"col-1147048358\" class=\"col small-12 large-12\"  >\n\t\t\t\t<div class=\"col-inner\"  >\n\t\t\t\n\t\t\t\n<div class=\"container section-title-container\" ><h3 class=\"section-title section-title-normal\"><b><\/b><span class=\"section-title-main\" >Rooms Services<\/span><b><\/b><\/h3><\/div>\n<table>\n<tbody>\n<tr>\n<td><img loading=\"lazy\" decoding=\"async\" class=\"aligncenter size-full wp-image-356\" src=\"http:\/\/cdn.trangwebvang.net\/wp-content\/uploads\/sites\/104\/2019\/01\/23025104\/icon-1.png\" alt=\"\" width=\"15\" height=\"15\" \/><\/td>\n<td>Hotel Room Cleaning Services<\/td>\n<td><img loading=\"lazy\" decoding=\"async\" class=\"aligncenter size-full wp-image-356\" src=\"http:\/\/cdn.trangwebvang.net\/wp-content\/uploads\/sites\/104\/2019\/01\/23025104\/icon-1.png\" alt=\"\" width=\"15\" height=\"15\" \/><\/td>\n<td>Conference Center and Meeting rooms up to 80 guests<\/td>\n<\/tr>\n<tr>\n<td><img loading=\"lazy\" decoding=\"async\" class=\"aligncenter size-full wp-image-356\" src=\"http:\/\/cdn.trangwebvang.net\/wp-content\/uploads\/sites\/104\/2019\/01\/23025104\/icon-1.png\" alt=\"\" width=\"15\" height=\"15\" \/><\/td>\n<td>In-room Dining 24\/24<\/td>\n<td><img loading=\"lazy\" decoding=\"async\" class=\"aligncenter size-full wp-image-356\" src=\"http:\/\/cdn.trangwebvang.net\/wp-content\/uploads\/sites\/104\/2019\/01\/23025104\/icon-1.png\" alt=\"\" width=\"15\" height=\"15\" \/><\/td>\n<td>Flight ticket booking<\/td>\n<\/tr>\n<tr>\n<td><img loading=\"lazy\" decoding=\"async\" class=\"aligncenter size-full wp-image-356\" src=\"http:\/\/cdn.trangwebvang.net\/wp-content\/uploads\/sites\/104\/2019\/01\/23025104\/icon-1.png\" alt=\"\" width=\"15\" height=\"15\" \/><\/td>\n<td>Hotel Safes Box<\/td>\n<td><img loading=\"lazy\" decoding=\"async\" class=\"aligncenter size-full wp-image-356\" src=\"http:\/\/cdn.trangwebvang.net\/wp-content\/uploads\/sites\/104\/2019\/01\/23025104\/icon-1.png\" alt=\"\" width=\"15\" height=\"15\" \/><\/td>\n<td>Emergency calling<\/td>\n<\/tr>\n<tr>\n<td><img loading=\"lazy\" decoding=\"async\" class=\"aligncenter size-full wp-image-356\" src=\"http:\/\/cdn.trangwebvang.net\/wp-content\/uploads\/sites\/104\/2019\/01\/23025104\/icon-1.png\" alt=\"\" width=\"15\" height=\"15\" \/><\/td>\n<td>Dry cleaning\/Laundry services<\/td>\n<td><img loading=\"lazy\" decoding=\"async\" class=\"aligncenter size-full wp-image-356\" src=\"http:\/\/cdn.trangwebvang.net\/wp-content\/uploads\/sites\/104\/2019\/01\/23025104\/icon-1.png\" alt=\"\" width=\"15\" height=\"15\" \/><\/td>\n<td>Restaurant and Bar<\/td>\n<\/tr>\n<tr>\n<td><img loading=\"lazy\" decoding=\"async\" class=\"aligncenter size-full wp-image-356\" src=\"http:\/\/cdn.trangwebvang.net\/wp-content\/uploads\/sites\/104\/2019\/01\/23025104\/icon-1.png\" alt=\"\" width=\"15\" height=\"15\" \/><\/td>\n<td>Internet ADSL and Email.<\/td>\n<td><img loading=\"lazy\" decoding=\"async\" class=\"aligncenter size-full wp-image-356\" src=\"http:\/\/cdn.trangwebvang.net\/wp-content\/uploads\/sites\/104\/2019\/01\/23025104\/icon-1.png\" alt=\"\" width=\"15\" height=\"15\" \/><\/td>\n<td>Wedding Services up to 100 guests<\/td>\n<\/tr>\n<tr>\n<td><img loading=\"lazy\" decoding=\"async\" class=\"aligncenter size-full wp-image-356\" src=\"http:\/\/cdn.trangwebvang.net\/wp-content\/uploads\/sites\/104\/2019\/01\/23025104\/icon-1.png\" alt=\"\" width=\"15\" height=\"15\" \/><\/td>\n<td>Car rental, Tourist<\/td>\n<td><img loading=\"lazy\" decoding=\"async\" class=\"aligncenter size-full wp-image-356\" src=\"http:\/\/cdn.trangwebvang.net\/wp-content\/uploads\/sites\/104\/2019\/01\/23025104\/icon-1.png\" alt=\"\" width=\"15\" height=\"15\" \/><\/td>\n<td>Party Services<\/td>\n<\/tr>\n<tr>\n<td><img loading=\"lazy\" decoding=\"async\" class=\"aligncenter size-full wp-image-356\" src=\"http:\/\/cdn.trangwebvang.net\/wp-content\/uploads\/sites\/104\/2019\/01\/23025104\/icon-1.png\" alt=\"\" width=\"15\" height=\"15\" \/><\/td>\n<td>Mail service<\/td>\n<td><img loading=\"lazy\" decoding=\"async\" class=\"aligncenter size-full wp-image-356\" src=\"http:\/\/cdn.trangwebvang.net\/wp-content\/uploads\/sites\/104\/2019\/01\/23025104\/icon-1.png\" alt=\"\" width=\"15\" height=\"15\" \/><\/td>\n<td>Business Center<\/td>\n<\/tr>\n<tr>\n<td><img loading=\"lazy\" decoding=\"async\" class=\"aligncenter size-full wp-image-356\" src=\"http:\/\/cdn.trangwebvang.net\/wp-content\/uploads\/sites\/104\/2019\/01\/23025104\/icon-1.png\" alt=\"\" width=\"15\" height=\"15\" \/><\/td>\n<td colspan=\"3\">Payment Methods: <strong>AMEX, VISA, MASTER, JCB<\/strong><\/td>\n<\/tr>\n<\/tbody>\n<\/table>\n\t\t<\/div>\n\t\t\t\t\t<\/div>\n\n\t\n<\/div>\n\t\t<\/div>\n\n\t\t\n<style>\n#section_1599067905 {\n  padding-top: 30px;\n  padding-bottom: 30px;\n  background-color: rgb(241, 241, 241);\n}\n<\/style>\n\t<\/section>\n\t\n\t<div id=\"gap-668355616\" class=\"gap-element clearfix\" style=\"display:block; height:auto;\">\n\t\t\n<style>\n#gap-668355616 {\n  padding-top: 30px;\n}\n<\/style>\n\t<\/div>\n\t\n<div class=\"container section-title-container\" ><h2 class=\"section-title section-title-normal\"><b><\/b><span class=\"section-title-main\" >Ph\u00f2ng kh\u00e1c<\/span><b><\/b><\/h2><\/div>\n<div class=\"row\"  id=\"row-1205010365\">\r\n\r\n\n\t<div id=\"col-487991078\" class=\"col medium-4 small-12 large-4\"  data-animate=\"fadeInLeft\">\n\t\t\t\t<div class=\"col-inner\"  >\n\t\t\t\n\t\t\t\r\n\r\n<p style=\"text-align: center\"><img loading=\"lazy\" decoding=\"async\" src=\"https:\/\/kimbaohotel.com.vn\/wp-content\/uploads\/sites\/128\/2019\/08\/grand-1.jpg\" alt=\"\" width=\"700\" height=\"465\" \/><\/p>\r\n<h1 style=\"text-align: center\">Grand Premium Suite<\/h1>\r\n<p style=\"text-align: center\"><span style=\"font-size: 85%\">Di\u1ec7n t\u00edch: 68m<sup>2<br \/>\r\n<\/sup><\/span><span style=\"font-size: 85%\">2 ph\u00f2ng ng\u1ee7<br \/>\r\n<\/span><span style=\"font-size: 85%\">View h\u1ed3 v\u00e0 view th\u00e0nh ph\u1ed1 \/ view s\u00f4ng Th\u00e1i B\u00ecnh<br \/>\r\n<\/span><span style=\"font-size: 85%\">B\u1ed3n t\u1eafm n\u1eb1m v\u00e0 \u0111\u1ee9ng<br \/>\r\n<\/span><span style=\"font-size: 85%\">B\u1ebfp &amp; d\u1ee5ng c\u1ee5 n\u1ea5u \u0103n<br \/>\r\n<\/span><span style=\"font-size: 85%\">N\u01b0\u1edbc u\u1ed1ng, tr\u00e0, cafe mi\u1ec5n ph\u00ed<br \/>\r\n<\/span><span style=\"font-size: 85%\">Mi\u1ec5n ph\u00ed b\u1ec3 b\u01a1i ngo\u00e0i tr\u1eddi v\u00e0 ph\u00f2ng t\u1eadp gym<\/span><\/p>\r\n<a data-animate=\"flipInX\" href=\"https:\/\/kimbaohotel.com.vn\/vi\/grand-premium-suite\/\" class=\"button secondary is-shade is-small box-shadow-2 box-shadow-5-hover\"  style=\"border-radius:5px;\">\n\t\t<span>more details<\/span>\n\t<i class=\"icon-angle-right\" aria-hidden=\"true\" ><\/i><\/a>\n\r\n\r\n\r\n\t\t<\/div>\n\t\t\t\t\t<\/div>\n\n\t\r\n\n\t<div id=\"col-1058408053\" class=\"col medium-4 small-12 large-4\"  data-animate=\"fadeInLeft\">\n\t\t\t\t<div class=\"col-inner\"  >\n\t\t\t\n\t\t\t\r\n\r\n<p style=\"text-align: center\"><img loading=\"lazy\" decoding=\"async\" src=\"https:\/\/kimbaohotel.com.vn\/wp-content\/uploads\/sites\/128\/2019\/08\/presuite-1.jpg\" alt=\"\" width=\"700\" height=\"465\" \/><\/p>\r\n<h1 style=\"text-align: center\">Premium Suite<\/h1>\r\n<p style=\"text-align: center\"><span style=\"font-size: 85%\">Di\u1ec7n t\u00edch: 45m<sup>2<br \/>\r\n<\/sup>1 queen size bed<\/span><br \/>\r\n<span style=\"font-size: 85%\">View h\u1ed3 v\u00e0 view th\u00e0nh ph\u1ed1 \/ view s\u00f4ng Th\u00e1i B\u00ecnh<\/span><br \/>\r\n<span style=\"font-size: 85%\">Toilet c\u00f3 b\u1ed3n t\u1eafm<\/span><br \/>\r\n<span style=\"font-size: 85%\">B\u1ebfp &amp; d\u1ee5ng c\u1ee5 n\u1ea5u \u0103n<\/span><br \/>\r\n<span style=\"font-size: 85%\">N\u01b0\u1edbc u\u1ed1ng, tr\u00e0, cafe mi\u1ec5n ph\u00ed<\/span><br \/>\r\n<span style=\"font-size: 85%\">Mi\u1ec5n ph\u00ed b\u1ec3 b\u01a1i ngo\u00e0i tr\u1eddi v\u00e0 ph\u00f2ng t\u1eadp gym<\/span><\/p>\r\n<a data-animate=\"flipInX\" href=\"https:\/\/kimbaohotel.com.vn\/vi\/premium-suite\/\" class=\"button secondary is-shade is-small box-shadow-2 box-shadow-5-hover\"  style=\"border-radius:5px;\">\n\t\t<span>more details<\/span>\n\t<i class=\"icon-angle-right\" aria-hidden=\"true\" ><\/i><\/a>\n\r\n\r\n\r\n\t\t<\/div>\n\t\t\t\t\t<\/div>\n\n\t\r\n\n\t<div id=\"col-1467359061\" class=\"col medium-4 small-12 large-4\"  data-animate=\"fadeInLeft\">\n\t\t\t\t<div class=\"col-inner\"  >\n\t\t\t\n\t\t\t\r\n\r\n<p style=\"text-align: center\"><img loading=\"lazy\" decoding=\"async\" src=\"https:\/\/kimbaohotel.com.vn\/wp-content\/uploads\/sites\/128\/2019\/08\/suite1.jpg\" alt=\"\" width=\"700\" height=\"465\" \/><\/p>\r\n<h1 style=\"text-align: center\">Suite Room<\/h1>\r\n<p style=\"text-align: center\"><span style=\"font-size: 85%\">Di\u1ec7n t\u00edch: 45m<sup>2<br \/>\r\n<\/sup>1 queen size bed<\/span><br \/>\r\n<span style=\"font-size: 85%\">View h\u1ed3 v\u00e0 view th\u00e0nh ph\u1ed1 \/ view s\u00f4ng Th\u00e1i B\u00ecnh<\/span><br \/>\r\n<span style=\"font-size: 85%\">B\u1ed3n t\u1eafm n\u1eb1m<\/span><br \/>\r\n<span style=\"font-size: 85%\">N\u01b0\u1edbc u\u1ed1ng, tr\u00e0, cafe mi\u1ec5n ph\u00ed<\/span><br \/>\r\n<span style=\"font-size: 85%\">Mi\u1ec5n ph\u00ed b\u1ec3 b\u01a1i ngo\u00e0i tr\u1eddi v\u00e0 ph\u00f2ng t\u1eadp gym<br \/>\r\n<span style=\"color: #f1f1f1\">.<\/span><\/span><\/p>\r\n<a data-animate=\"flipInX\" href=\"https:\/\/kimbaohotel.com.vn\/vi\/suite-room\/\" class=\"button secondary is-shade is-small box-shadow-2 box-shadow-5-hover\"  style=\"border-radius:5px;\">\n\t\t<span>more details<\/span>\n\t<i class=\"icon-angle-right\" aria-hidden=\"true\" ><\/i><\/a>\n\r\n\r\n\r\n\t\t<\/div>\n\t\t\t\t\t<\/div>\n\n\t\r\n\n\t<div id=\"col-1124896101\" class=\"col medium-4 small-12 large-4\"  data-animate=\"fadeInLeft\">\n\t\t\t\t<div class=\"col-inner\"  >\n\t\t\t\n\t\t\t\r\n\r\n<p style=\"text-align: center\"><img loading=\"lazy\" decoding=\"async\" src=\"https:\/\/kimbaohotel.com.vn\/wp-content\/uploads\/sites\/128\/2019\/08\/twin1.jpg\" alt=\"\" width=\"700\" height=\"465\" \/><\/p>\r\n<h1 style=\"text-align: center\">Twin Room<\/h1>\r\n<p style=\"text-align: center\"><span style=\"font-size: 85%\">Di\u1ec7n t\u00edch: 28m<sup>2<\/sup><\/span><br \/>\r\n<span style=\"font-size: 85%\">1 gi\u01b0\u1eddng \u0111\u00f4i ho\u1eb7c 2 gi\u01b0\u1eddng \u0111\u01a1n<\/span><br \/>\r\n<span style=\"font-size: 85%\">View h\u1ed3 v\u00e0 view th\u00e0nh ph\u1ed1<\/span><br \/>\r\n<span style=\"font-size: 85%\">N\u01b0\u1edbc u\u1ed1ng, tr\u00e0, cafe mi\u1ec5n ph\u00ed<\/span><br \/>\r\n<span style=\"font-size: 85%\">Mi\u1ec5n ph\u00ed b\u1ec3 b\u01a1i ngo\u00e0i tr\u1eddi v\u00e0 ph\u00f2ng t\u1eadp gym<\/span><\/p>\r\n<a data-animate=\"flipInX\" href=\"https:\/\/kimbaohotel.com.vn\/vi\/twin-room\/\" class=\"button secondary is-shade is-small box-shadow-2 box-shadow-5-hover\"  style=\"border-radius:5px;\">\n\t\t<span>more details<\/span>\n\t<i class=\"icon-angle-right\" aria-hidden=\"true\" ><\/i><\/a>\n\r\n\r\n\r\n\t\t<\/div>\n\t\t\t\t\t<\/div>\n\n\t\r\n\n\t<div id=\"col-1629929567\" class=\"col medium-4 small-12 large-4\"  data-animate=\"fadeInLeft\">\n\t\t\t\t<div class=\"col-inner\"  >\n\t\t\t\n\t\t\t\r\n\r\n<p style=\"text-align: center\"><img loading=\"lazy\" decoding=\"async\" class=\"aligncenter wp-image-64 size-full\" src=\"https:\/\/kimbaohotel.com.vn\/wp-content\/uploads\/sites\/128\/2019\/08\/queen1.jpg\" alt=\"\" width=\"700\" height=\"465\" srcset=\"https:\/\/kimbaohotel.com.vn\/wp-content\/uploads\/sites\/128\/2019\/08\/queen1.jpg 700w, https:\/\/kimbaohotel.com.vn\/wp-content\/uploads\/sites\/128\/2019\/08\/queen1-300x199.jpg 300w\" sizes=\"auto, (max-width: 700px) 100vw, 700px\" \/><\/p>\r\n<h1 style=\"text-align: center\">Queen Room<\/h1>\r\n<p style=\"text-align: center\"><span style=\"font-size: 85%\">Di\u1ec7n t\u00edch: 25m<sup>2<\/sup><\/span><br \/>\r\n<span style=\"font-size: 85%\">1 gi\u01b0\u1eddng \u0111\u00f4i ho\u1eb7c 2 gi\u01b0\u1eddng \u0111\u01a1n<\/span><br \/>\r\n<span style=\"font-size: 85%\">View h\u1ed3 v\u00e0 view th\u00e0nh ph\u1ed1<\/span><br \/>\r\n<span style=\"font-size: 85%\">N\u01b0\u1edbc u\u1ed1ng, tr\u00e0, cafe mi\u1ec5n ph\u00ed<\/span><br \/>\r\n<span style=\"font-size: 85%\">Mi\u1ec5n ph\u00ed b\u1ec3 b\u01a1i ngo\u00e0i tr\u1eddi v\u00e0 ph\u00f2ng t\u1eadp gym<\/span><\/p>\r\n<a data-animate=\"flipInX\" href=\"https:\/\/kimbaohotel.com.vn\/vi\/queen-room\/\" class=\"button secondary is-shade is-small box-shadow-2 box-shadow-5-hover\"  style=\"border-radius:5px;\">\n\t\t<span>more details<\/span>\n\t<i class=\"icon-angle-right\" aria-hidden=\"true\" ><\/i><\/a>\n\r\n\r\n\r\n\t\t<\/div>\n\t\t\t\t\t<\/div>\n\n\t\r\n\r\n<\/div>\n","protected":false},"excerpt":{"rendered":"","protected":false},"author":2,"featured_media":0,"parent":0,"menu_order":0,"comment_status":"closed","ping_status":"closed","template":"page-transparent-header.php","meta":{"footnotes":""},"class_list":["post-244","page","type-page","status-publish","hentry"],"_links":{"self":[{"href":"https:\/\/kimbaohotel.com.vn\/vi\/wp-json\/wp\/v2\/pages\/244","targetHints":{"allow":["GET"]}}],"collection":[{"href":"https:\/\/kimbaohotel.com.vn\/vi\/wp-json\/wp\/v2\/pages"}],"about":[{"href":"https:\/\/kimbaohotel.com.vn\/vi\/wp-json\/wp\/v2\/types\/page"}],"author":[{"embeddable":true,"href":"https:\/\/kimbaohotel.com.vn\/vi\/wp-json\/wp\/v2\/users\/2"}],"replies":[{"embeddable":true,"href":"https:\/\/kimbaohotel.com.vn\/vi\/wp-json\/wp\/v2\/comments?post=244"}],"version-history":[{"count":0,"href":"https:\/\/kimbaohotel.com.vn\/vi\/wp-json\/wp\/v2\/pages\/244\/revisions"}],"wp:attachment":[{"href":"https:\/\/kimbaohotel.com.vn\/vi\/wp-json\/wp\/v2\/media?parent=244"}],"curies":[{"name":"wp","href":"https:\/\/api.w.org\/{rel}","templated":true}]}}