{"id":235,"date":"2019-08-29T16:15:09","date_gmt":"2019-08-29T16:15:09","guid":{"rendered":"https:\/\/trangwebvang.net\/kimbaohotel\/?page_id=235"},"modified":"2019-09-21T08:57:05","modified_gmt":"2019-09-21T08:57:05","slug":"phong","status":"publish","type":"page","link":"https:\/\/kimbaohotel.com.vn\/vi\/phong\/","title":{"rendered":"Ph\u00f2ng"},"content":{"rendered":"<div class=\"slider-wrapper relative\" id=\"slider-637546946\" >\n    <div class=\"slider slider-nav-circle slider-nav-large slider-nav-light slider-style-normal\"\n        data-flickity-options='{\n            \"cellAlign\": \"center\",\n            \"imagesLoaded\": true,\n            \"lazyLoad\": 1,\n            \"freeScroll\": false,\n            \"wrapAround\": true,\n            \"autoPlay\": 4500,\n            \"pauseAutoPlayOnHover\" : true,\n            \"prevNextButtons\": true,\n            \"contain\" : true,\n            \"adaptiveHeight\" : true,\n            \"dragThreshold\" : 10,\n            \"percentPosition\": true,\n            \"pageDots\": false,\n            \"rightToLeft\": false,\n            \"draggable\": true,\n            \"selectedAttraction\": 0.1,\n            \"parallax\" : 0,\n            \"friction\": 0.6        }'\n        >\n        \n\t<div class=\"img has-hover x md-x lg-x y md-y lg-y\" id=\"image_67930019\">\n\t\t\t\t\t\t\t\t<div class=\"img-inner dark\" >\n\t\t\t<img loading=\"lazy\" decoding=\"async\" width=\"1020\" height=\"340\" src=\"https:\/\/kimbaohotel.com.vn\/wp-content\/uploads\/sites\/128\/2019\/08\/room.jpg\" class=\"attachment-large size-large\" alt=\"\" srcset=\"https:\/\/kimbaohotel.com.vn\/wp-content\/uploads\/sites\/128\/2019\/08\/room.jpg 1500w, https:\/\/kimbaohotel.com.vn\/wp-content\/uploads\/sites\/128\/2019\/08\/room-300x100.jpg 300w, https:\/\/kimbaohotel.com.vn\/wp-content\/uploads\/sites\/128\/2019\/08\/room-768x256.jpg 768w\" sizes=\"auto, (max-width: 1020px) 100vw, 1020px\" \/>\t\t\t\t\t\t\n\t\t\t\t\t<\/div>\n\t\t\t\t\t\t\t\t\n<style>\n#image_67930019 {\n  width: 100%;\n}\n<\/style>\n\t<\/div>\n\t\n\t<div class=\"img has-hover x md-x lg-x y md-y lg-y\" id=\"image_1832459486\">\n\t\t\t\t\t\t\t\t<div class=\"img-inner dark\" >\n\t\t\t<img loading=\"lazy\" decoding=\"async\" width=\"1020\" height=\"340\" src=\"https:\/\/kimbaohotel.com.vn\/wp-content\/uploads\/sites\/128\/2019\/08\/room1.jpg\" class=\"attachment-large size-large\" alt=\"\" srcset=\"https:\/\/kimbaohotel.com.vn\/wp-content\/uploads\/sites\/128\/2019\/08\/room1.jpg 1500w, https:\/\/kimbaohotel.com.vn\/wp-content\/uploads\/sites\/128\/2019\/08\/room1-300x100.jpg 300w, https:\/\/kimbaohotel.com.vn\/wp-content\/uploads\/sites\/128\/2019\/08\/room1-768x256.jpg 768w\" sizes=\"auto, (max-width: 1020px) 100vw, 1020px\" \/>\t\t\t\t\t\t\n\t\t\t\t\t<\/div>\n\t\t\t\t\t\t\t\t\n<style>\n#image_1832459486 {\n  width: 100%;\n}\n<\/style>\n\t<\/div>\n\t\n\t<div class=\"img has-hover x md-x lg-x y md-y lg-y\" id=\"image_1955288108\">\n\t\t\t\t\t\t\t\t<div class=\"img-inner dark\" >\n\t\t\t<img loading=\"lazy\" decoding=\"async\" width=\"1020\" height=\"340\" src=\"https:\/\/kimbaohotel.com.vn\/wp-content\/uploads\/sites\/128\/2019\/08\/room2.jpg\" class=\"attachment-large size-large\" alt=\"\" srcset=\"https:\/\/kimbaohotel.com.vn\/wp-content\/uploads\/sites\/128\/2019\/08\/room2.jpg 1500w, https:\/\/kimbaohotel.com.vn\/wp-content\/uploads\/sites\/128\/2019\/08\/room2-300x100.jpg 300w, https:\/\/kimbaohotel.com.vn\/wp-content\/uploads\/sites\/128\/2019\/08\/room2-768x256.jpg 768w\" sizes=\"auto, (max-width: 1020px) 100vw, 1020px\" \/>\t\t\t\t\t\t\n\t\t\t\t\t<\/div>\n\t\t\t\t\t\t\t\t\n<style>\n#image_1955288108 {\n  width: 100%;\n}\n<\/style>\n\t<\/div>\n\t\n\t<div class=\"img has-hover x md-x lg-x y md-y lg-y\" id=\"image_921851795\">\n\t\t\t\t\t\t\t\t<div class=\"img-inner dark\" >\n\t\t\t<img loading=\"lazy\" decoding=\"async\" width=\"1020\" height=\"340\" src=\"https:\/\/kimbaohotel.com.vn\/wp-content\/uploads\/sites\/128\/2019\/08\/room3.jpg\" class=\"attachment-large size-large\" alt=\"\" srcset=\"https:\/\/kimbaohotel.com.vn\/wp-content\/uploads\/sites\/128\/2019\/08\/room3.jpg 1500w, https:\/\/kimbaohotel.com.vn\/wp-content\/uploads\/sites\/128\/2019\/08\/room3-300x100.jpg 300w, https:\/\/kimbaohotel.com.vn\/wp-content\/uploads\/sites\/128\/2019\/08\/room3-768x256.jpg 768w\" sizes=\"auto, (max-width: 1020px) 100vw, 1020px\" \/>\t\t\t\t\t\t\n\t\t\t\t\t<\/div>\n\t\t\t\t\t\t\t\t\n<style>\n#image_921851795 {\n  width: 100%;\n}\n<\/style>\n\t<\/div>\n\t\n     <\/div>\n\n     <div class=\"loading-spin dark large centered\"><\/div>\n\n\t<\/div>\n\n\n<div class=\"row\"  id=\"row-1730610553\">\n\n\t<div id=\"col-534996579\" class=\"col small-12 large-12\"  >\n\t\t\t\t<div class=\"col-inner\"  >\n\t\t\t\n\t\t\t\n<div class=\"container section-title-container\" ><h2 class=\"section-title section-title-center\"><b><\/b><span class=\"section-title-main\" >ACCOMMODATION<\/span><b><\/b><\/h2><\/div>\n<p style=\"text-align: justify\">Kh\u00e1ch s\u1ea1n Kim B\u1ea3o \u0111\u1ea1t ti\u00eau chu\u1ea9n 3 sao t\u1ecda l\u1ea1c t\u1ea1i s\u1ed1 16 V\u01b0\u01a1ng Chi\u00eau, TP H\u1ea3i D\u01b0\u01a1ng. N\u1eb1m c\u1ea1nh \u0111\u01b0\u1eddng qu\u1ed1c l\u1ed9 s\u1ed1 5, Qu\u00fd kh\u00e1ch ch\u1ec9 m\u1ea5t 2 ph\u00fat \u0111\u1ec3 \u0111i b\u1ed9 t\u1edbi h\u1ed3 B\u1ea1ch \u0110\u1eb1ng v\u00e0 15 ph\u00fat \u0111\u1ec3 t\u1edbi trung t\u00e2m th\u00e0nh ph\u1ed1. V\u1edbi 40 c\u0103n h\u1ed9 v\u00e0 27 ph\u00f2ng kh\u00e1ch s\u1ea1n \u0111\u1ea1t ti\u00eau chu\u1ea9n, thi\u1ebft k\u1ebf hi\u1ec7n \u0111\u1ea1i, trang thi\u1ebft b\u1ecb \u0111\u01b0\u1ee3c \u0111\u1ea7u t\u01b0 m\u1edbi ho\u00e0n to\u00e0n s\u1ebd mang l\u1ea1i cho qu\u00fd kh\u00e1ch s\u1ef1 ti\u1ec7n nghi, tho\u1ea3i m\u00e1i v\u00e0 sang tr\u1ecdng.<\/p>\n\t\t<\/div>\n\t\t\t\t\t<\/div>\n\n\t\n<\/div>\n<div class=\"row\"  id=\"row-475888514\">\n\n\t<div id=\"col-1220880533\" class=\"col small-12 large-12\"  data-animate=\"fadeInLeft\">\n\t\t\t\t<div class=\"col-inner\"  >\n\t\t\t\n\t\t\t\n\n  <div class=\"banner has-hover bg-zoom-long bg-zoom\" id=\"banner-550304770\">\n          <div class=\"banner-inner fill\">\n        <div class=\"banner-bg fill\" >\n            <img loading=\"lazy\" decoding=\"async\" width=\"1020\" height=\"340\" src=\"https:\/\/kimbaohotel.com.vn\/wp-content\/uploads\/sites\/128\/2019\/08\/room-1.jpg\" class=\"bg attachment-large size-large\" alt=\"\" \/>                        <div class=\"overlay\"><\/div>            \n                    <\/div>\n\t\t\n        <div class=\"banner-layers container\">\n            <div class=\"fill banner-link\"><\/div>            \n   <div id=\"text-box-2026797101\" class=\"text-box banner-layer x5 md-x5 lg-x5 y50 md-y50 lg-y50 res-text\">\n                     <div data-animate=\"fadeInLeft\">           <div class=\"text-box-content text box-shadow-5-hover\">\n              \n              <div class=\"text-inner text-left\">\n                  \n<h3 style=\"text-align: center\"><strong>GRAND PREMIUM SUITE<\/strong><\/h3>\n<p style=\"text-align: center\"><span style=\"font-size: 85%\">Di\u1ec7n t\u00edch: 68m<sup>2<\/sup><\/span><br \/>\n<span style=\"font-size: 85%\">2 ph\u00f2ng ng\u1ee7<br \/>\nView h\u1ed3 v\u00e0 view th\u00e0nh ph\u1ed1 \/ view s\u00f4ng Th\u00e1i B\u00ecnh<br \/>\n<\/span><span style=\"font-size: 85%\">B\u1ebfp &amp; d\u1ee5ng c\u1ee5 n\u1ea5u \u0103n<\/span><br \/>\n<span style=\"font-size: 85%\">N\u01b0\u1edbc u\u1ed1ng, tr\u00e0, cafe mi\u1ec5n ph\u00ed<\/span><br \/>\n<span style=\"font-size: 85%\">Mi\u1ec5n ph\u00ed b\u1ec3 b\u01a1i ngo\u00e0i tr\u1eddi v\u00e0 ph\u00f2ng t\u1eadp gym<\/span><\/p>\n<a data-animate=\"flipInX\" href=\"https:\/\/kimbaohotel.com.vn\/vi\/grand-premium-suite\/\" class=\"button secondary is-shade is-small box-shadow-2 box-shadow-5-hover\"  style=\"border-radius:5px;\">\n\t\t<span>more details<\/span>\n\t<i class=\"icon-angle-right\" aria-hidden=\"true\" ><\/i><\/a>\n\n              <\/div>\n           <\/div>\n       <\/div>                     \n<style>\n#text-box-2026797101 .text-box-content {\n  background-color: rgba(246, 244, 244, 0.81);\n  font-size: 90%;\n}\n#text-box-2026797101 .text-inner {\n  padding: 30px 30px 30px 30px;\n}\n#text-box-2026797101 {\n  width: 60%;\n}\n@media (min-width:550px) {\n  #text-box-2026797101 {\n    width: 38%;\n  }\n}\n<\/style>\n    <\/div>\n \n        <\/div>\n      <\/div>\n\n              <div class=\"height-fix is-invisible\"><img loading=\"lazy\" decoding=\"async\" width=\"1020\" height=\"340\" src=\"https:\/\/kimbaohotel.com.vn\/wp-content\/uploads\/sites\/128\/2019\/08\/room-1.jpg\" class=\"attachment-large size-large\" alt=\"\" srcset=\"https:\/\/kimbaohotel.com.vn\/wp-content\/uploads\/sites\/128\/2019\/08\/room-1.jpg 1200w, https:\/\/kimbaohotel.com.vn\/wp-content\/uploads\/sites\/128\/2019\/08\/room-1-300x100.jpg 300w, https:\/\/kimbaohotel.com.vn\/wp-content\/uploads\/sites\/128\/2019\/08\/room-1-768x256.jpg 768w\" sizes=\"auto, (max-width: 1020px) 100vw, 1020px\" \/><\/div>\n            \n<style>\n#banner-550304770 .overlay {\n  background-color: rgba(190, 190, 190, 0);\n}\n#banner-550304770 {\n  background-color: rgb(255, 255, 255);\n}\n<\/style>\n  <\/div>\n\n\n\t\t<\/div>\n\t\t\t\t\t<\/div>\n\n\t\n\n\t<div id=\"col-253800017\" class=\"col small-12 large-12\"  data-animate=\"fadeInLeft\">\n\t\t\t\t<div class=\"col-inner\"  >\n\t\t\t\n\t\t\t\n\n  <div class=\"banner has-hover bg-zoom-long bg-zoom\" id=\"banner-328938616\">\n          <div class=\"banner-inner fill\">\n        <div class=\"banner-bg fill\" >\n            <img loading=\"lazy\" decoding=\"async\" width=\"1020\" height=\"340\" src=\"https:\/\/kimbaohotel.com.vn\/wp-content\/uploads\/sites\/128\/2019\/08\/room-3.jpg\" class=\"bg attachment-large size-large\" alt=\"\" \/>                        <div class=\"overlay\"><\/div>            \n                    <\/div>\n\t\t\n        <div class=\"banner-layers container\">\n            <div class=\"fill banner-link\"><\/div>            \n   <div id=\"text-box-1352296858\" class=\"text-box banner-layer x95 md-x95 lg-x95 y90 md-y90 lg-y90 res-text\">\n                     <div data-animate=\"fadeInLeft\">           <div class=\"text-box-content text box-shadow-5-hover\">\n              \n              <div class=\"text-inner text-left\">\n                  \n<h3 style=\"text-align: center\"><strong>PREMIUM SUITE<\/strong><\/h3>\n<p style=\"text-align: center\"><span style=\"font-size: 85%\">Di\u1ec7n t\u00edch: 45m<sup>2<\/sup><\/span><br \/>\n<span style=\"font-size: 85%\">1 gi\u01b0\u1eddng \u0111\u00f4i<br \/>\nView h\u1ed3 v\u00e0 view th\u00e0nh ph\u1ed1 \/ view s\u00f4ng Th\u00e1i B\u00ecnh<\/span><br \/>\n<span style=\"font-size: 85%\">B\u1ebfp &amp; d\u1ee5ng c\u1ee5 n\u1ea5u \u0103n<\/span><br \/>\n<span style=\"font-size: 85%\">N\u01b0\u1edbc u\u1ed1ng, tr\u00e0, cafe mi\u1ec5n ph\u00ed<\/span><br \/>\n<span style=\"font-size: 85%\">Mi\u1ec5n ph\u00ed b\u1ec3 b\u01a1i ngo\u00e0i tr\u1eddi v\u00e0 ph\u00f2ng t\u1eadp gym<\/span><\/p>\n<a data-animate=\"flipInX\" href=\"https:\/\/kimbaohotel.com.vn\/vi\/premium-suite\/\" class=\"button secondary is-shade is-small box-shadow-2 box-shadow-5-hover\"  style=\"border-radius:5px;\">\n\t\t<span>more details<\/span>\n\t<i class=\"icon-angle-right\" aria-hidden=\"true\" ><\/i><\/a>\n\n              <\/div>\n           <\/div>\n       <\/div>                     \n<style>\n#text-box-1352296858 .text-box-content {\n  background-color: rgba(246, 244, 244, 0.81);\n  font-size: 90%;\n}\n#text-box-1352296858 .text-inner {\n  padding: 20px 30px 30px 30px;\n}\n#text-box-1352296858 {\n  width: 60%;\n}\n@media (min-width:550px) {\n  #text-box-1352296858 {\n    width: 38%;\n  }\n}\n<\/style>\n    <\/div>\n \n        <\/div>\n      <\/div>\n\n              <div class=\"height-fix is-invisible\"><img loading=\"lazy\" decoding=\"async\" width=\"1020\" height=\"340\" src=\"https:\/\/kimbaohotel.com.vn\/wp-content\/uploads\/sites\/128\/2019\/08\/room-3.jpg\" class=\"attachment-large size-large\" alt=\"\" srcset=\"https:\/\/kimbaohotel.com.vn\/wp-content\/uploads\/sites\/128\/2019\/08\/room-3.jpg 1200w, https:\/\/kimbaohotel.com.vn\/wp-content\/uploads\/sites\/128\/2019\/08\/room-3-300x100.jpg 300w, https:\/\/kimbaohotel.com.vn\/wp-content\/uploads\/sites\/128\/2019\/08\/room-3-768x256.jpg 768w\" sizes=\"auto, (max-width: 1020px) 100vw, 1020px\" \/><\/div>\n            \n<style>\n#banner-328938616 .overlay {\n  background-color: rgba(190, 190, 190, 0);\n}\n#banner-328938616 {\n  background-color: rgb(255, 255, 255);\n}\n<\/style>\n  <\/div>\n\n\n\t\t<\/div>\n\t\t\t\t\t<\/div>\n\n\t\n\n\t<div id=\"col-2100473660\" class=\"col small-12 large-12\"  data-animate=\"fadeInLeft\">\n\t\t\t\t<div class=\"col-inner\"  >\n\t\t\t\n\t\t\t\n\n  <div class=\"banner has-hover bg-zoom-long bg-zoom\" id=\"banner-1478420404\">\n          <div class=\"banner-inner fill\">\n        <div class=\"banner-bg fill\" >\n            <img loading=\"lazy\" decoding=\"async\" width=\"1020\" height=\"340\" src=\"https:\/\/kimbaohotel.com.vn\/wp-content\/uploads\/sites\/128\/2019\/08\/room-2-1.jpg\" class=\"bg attachment-large size-large\" alt=\"\" \/>                        <div class=\"overlay\"><\/div>            \n                    <\/div>\n\t\t\n        <div class=\"banner-layers container\">\n            <div class=\"fill banner-link\"><\/div>            \n   <div id=\"text-box-1151819503\" class=\"text-box banner-layer x5 md-x5 lg-x5 y50 md-y50 lg-y50 res-text\">\n                     <div data-animate=\"fadeInLeft\">           <div class=\"text-box-content text box-shadow-5-hover\">\n              \n              <div class=\"text-inner text-left\">\n                  \n<h3 style=\"text-align: center\"><strong>SUITE ROOM<\/strong><\/h3>\n<p style=\"text-align: center\"><span style=\"font-size: 85%\">Di\u1ec7n t\u00edch: 45m<sup>2<\/sup><\/span><br \/>\n<span style=\"font-size: 85%\">View h\u1ed3 v\u00e0 view th\u00e0nh ph\u1ed1 \/ view s\u00f4ng Th\u00e1i B\u00ecnh<\/span><br \/>\n<span style=\"font-size: 85%\">B\u1ed3n t\u1eafm n\u1eb1m<\/span><br \/>\n<span style=\"font-size: 85%\">N\u01b0\u1edbc u\u1ed1ng, tr\u00e0, cafe mi\u1ec5n ph\u00ed<\/span><br \/>\n<span style=\"font-size: 85%\">Mi\u1ec5n ph\u00ed b\u1ec3 b\u01a1i ngo\u00e0i tr\u1eddi v\u00e0 ph\u00f2ng t\u1eadp gym<\/span><\/p>\n<a data-animate=\"flipInX\" href=\"https:\/\/kimbaohotel.com.vn\/vi\/suite-room\/\" class=\"button secondary is-shade is-small box-shadow-2 box-shadow-5-hover\"  style=\"border-radius:5px;\">\n\t\t<span>more details<\/span>\n\t<i class=\"icon-angle-right\" aria-hidden=\"true\" ><\/i><\/a>\n\n              <\/div>\n           <\/div>\n       <\/div>                     \n<style>\n#text-box-1151819503 .text-box-content {\n  background-color: rgba(246, 244, 244, 0.81);\n  font-size: 90%;\n}\n#text-box-1151819503 .text-inner {\n  padding: 30px 30px 30px 30px;\n}\n#text-box-1151819503 {\n  width: 60%;\n}\n@media (min-width:550px) {\n  #text-box-1151819503 {\n    width: 38%;\n  }\n}\n<\/style>\n    <\/div>\n \n        <\/div>\n      <\/div>\n\n              <div class=\"height-fix is-invisible\"><img loading=\"lazy\" decoding=\"async\" width=\"1020\" height=\"340\" src=\"https:\/\/kimbaohotel.com.vn\/wp-content\/uploads\/sites\/128\/2019\/08\/room-2-1.jpg\" class=\"attachment-large size-large\" alt=\"\" srcset=\"https:\/\/kimbaohotel.com.vn\/wp-content\/uploads\/sites\/128\/2019\/08\/room-2-1.jpg 1200w, https:\/\/kimbaohotel.com.vn\/wp-content\/uploads\/sites\/128\/2019\/08\/room-2-1-300x100.jpg 300w, https:\/\/kimbaohotel.com.vn\/wp-content\/uploads\/sites\/128\/2019\/08\/room-2-1-768x256.jpg 768w\" sizes=\"auto, (max-width: 1020px) 100vw, 1020px\" \/><\/div>\n            \n<style>\n#banner-1478420404 .overlay {\n  background-color: rgba(190, 190, 190, 0);\n}\n#banner-1478420404 {\n  background-color: rgb(255, 255, 255);\n}\n<\/style>\n  <\/div>\n\n\n\t\t<\/div>\n\t\t\t\t\t<\/div>\n\n\t\n\n\t<div id=\"col-1475407247\" class=\"col small-12 large-12\"  data-animate=\"fadeInLeft\">\n\t\t\t\t<div class=\"col-inner\"  >\n\t\t\t\n\t\t\t\n\n  <div class=\"banner has-hover bg-zoom-long bg-zoom\" id=\"banner-1316321750\">\n          <div class=\"banner-inner fill\">\n        <div class=\"banner-bg fill\" >\n            <img loading=\"lazy\" decoding=\"async\" width=\"1020\" height=\"340\" src=\"https:\/\/kimbaohotel.com.vn\/wp-content\/uploads\/sites\/128\/2019\/08\/room-4.jpg\" class=\"bg attachment-large size-large\" alt=\"\" \/>                        <div class=\"overlay\"><\/div>            \n                    <\/div>\n\t\t\n        <div class=\"banner-layers container\">\n            <div class=\"fill banner-link\"><\/div>            \n   <div id=\"text-box-487554327\" class=\"text-box banner-layer x95 md-x95 lg-x95 y90 md-y90 lg-y90 res-text\">\n                     <div data-animate=\"fadeInLeft\">           <div class=\"text-box-content text box-shadow-5-hover\">\n              \n              <div class=\"text-inner text-left\">\n                  \n<h3 style=\"text-align: center\"><strong>TWIN ROOM<\/strong><\/h3>\n<p style=\"text-align: center\"><span style=\"font-size: 85%\">Di\u1ec7n t\u00edch: 28m<sup>2<\/sup><\/span><br \/>\n<span style=\"font-size: 85%\">1 gi\u01b0\u1eddng \u0111\u00f4i ho\u1eb7c 2 gi\u01b0\u1eddng \u0111\u01a1n<br \/>\nView h\u1ed3 v\u00e0 view th\u00e0nh ph\u1ed1<\/span><br \/>\n<span style=\"font-size: 85%\">N\u01b0\u1edbc u\u1ed1ng, tr\u00e0, cafe mi\u1ec5n ph\u00ed<\/span><br \/>\n<span style=\"font-size: 85%\">Mi\u1ec5n ph\u00ed b\u1ec3 b\u01a1i ngo\u00e0i tr\u1eddi v\u00e0 ph\u00f2ng t\u1eadp gym<\/span><\/p>\n<a data-animate=\"flipInX\" href=\"https:\/\/kimbaohotel.com.vn\/vi\/twin-room\/\" class=\"button secondary is-shade is-small box-shadow-2 box-shadow-5-hover\"  style=\"border-radius:5px;\">\n\t\t<span>more details<\/span>\n\t<i class=\"icon-angle-right\" aria-hidden=\"true\" ><\/i><\/a>\n\n              <\/div>\n           <\/div>\n       <\/div>                     \n<style>\n#text-box-487554327 .text-box-content {\n  background-color: rgba(246, 244, 244, 0.81);\n  font-size: 90%;\n}\n#text-box-487554327 .text-inner {\n  padding: 30px 30px 30px 30px;\n}\n#text-box-487554327 {\n  width: 60%;\n}\n@media (min-width:550px) {\n  #text-box-487554327 {\n    width: 38%;\n  }\n}\n<\/style>\n    <\/div>\n \n        <\/div>\n      <\/div>\n\n              <div class=\"height-fix is-invisible\"><img loading=\"lazy\" decoding=\"async\" width=\"1020\" height=\"340\" src=\"https:\/\/kimbaohotel.com.vn\/wp-content\/uploads\/sites\/128\/2019\/08\/room-4.jpg\" class=\"attachment-large size-large\" alt=\"\" srcset=\"https:\/\/kimbaohotel.com.vn\/wp-content\/uploads\/sites\/128\/2019\/08\/room-4.jpg 1200w, https:\/\/kimbaohotel.com.vn\/wp-content\/uploads\/sites\/128\/2019\/08\/room-4-300x100.jpg 300w, https:\/\/kimbaohotel.com.vn\/wp-content\/uploads\/sites\/128\/2019\/08\/room-4-768x256.jpg 768w\" sizes=\"auto, (max-width: 1020px) 100vw, 1020px\" \/><\/div>\n            \n<style>\n#banner-1316321750 .overlay {\n  background-color: rgba(190, 190, 190, 0);\n}\n#banner-1316321750 {\n  background-color: rgb(255, 255, 255);\n}\n<\/style>\n  <\/div>\n\n\n\t\t<\/div>\n\t\t\t\t\t<\/div>\n\n\t\n\n\t<div id=\"col-943592435\" class=\"col small-12 large-12\"  data-animate=\"fadeInLeft\">\n\t\t\t\t<div class=\"col-inner\"  >\n\t\t\t\n\t\t\t\n\n  <div class=\"banner has-hover bg-zoom-long bg-zoom\" id=\"banner-1357945456\">\n          <div class=\"banner-inner fill\">\n        <div class=\"banner-bg fill\" >\n            <img loading=\"lazy\" decoding=\"async\" width=\"1020\" height=\"340\" src=\"https:\/\/kimbaohotel.com.vn\/wp-content\/uploads\/sites\/128\/2019\/08\/room-5.jpg\" class=\"bg attachment-large size-large\" alt=\"\" \/>                        <div class=\"overlay\"><\/div>            \n                    <\/div>\n\t\t\n        <div class=\"banner-layers container\">\n            <div class=\"fill banner-link\"><\/div>            \n   <div id=\"text-box-1207802409\" class=\"text-box banner-layer x5 md-x5 lg-x5 y50 md-y50 lg-y50 res-text\">\n                     <div data-animate=\"fadeInLeft\">           <div class=\"text-box-content text box-shadow-5-hover\">\n              \n              <div class=\"text-inner text-left\">\n                  \n<h3 style=\"text-align: center\"><strong>QUEEN ROOM<\/strong><\/h3>\n<p style=\"text-align: center\"><span style=\"font-size: 85%\">Di\u1ec7n t\u00edch: 25m<sup>2<\/sup><\/span><br \/>\n<span style=\"font-size: 85%\">1 gi\u01b0\u1eddng \u0111\u00f4i ho\u1eb7c 2 gi\u01b0\u1eddng \u0111\u01a1n<br \/>\nView h\u1ed3 v\u00e0 view th\u00e0nh ph\u1ed1<\/span><br \/>\n<span style=\"font-size: 85%\">N\u01b0\u1edbc u\u1ed1ng, tr\u00e0, cafe mi\u1ec5n ph\u00ed<\/span><br \/>\n<span style=\"font-size: 85%\">Mi\u1ec5n ph\u00ed b\u1ec3 b\u01a1i ngo\u00e0i tr\u1eddi v\u00e0 ph\u00f2ng t\u1eadp gym<\/span><\/p>\n<a data-animate=\"flipInX\" href=\"https:\/\/kimbaohotel.com.vn\/vi\/queen-room\/\" class=\"button secondary is-shade is-small box-shadow-2 box-shadow-5-hover\"  style=\"border-radius:5px;\">\n\t\t<span>more details<\/span>\n\t<i class=\"icon-angle-right\" aria-hidden=\"true\" ><\/i><\/a>\n\n              <\/div>\n           <\/div>\n       <\/div>                     \n<style>\n#text-box-1207802409 .text-box-content {\n  background-color: rgba(246, 244, 244, 0.81);\n  font-size: 90%;\n}\n#text-box-1207802409 .text-inner {\n  padding: 30px 30px 30px 30px;\n}\n#text-box-1207802409 {\n  width: 60%;\n}\n@media (min-width:550px) {\n  #text-box-1207802409 {\n    width: 38%;\n  }\n}\n<\/style>\n    <\/div>\n \n        <\/div>\n      <\/div>\n\n              <div class=\"height-fix is-invisible\"><img loading=\"lazy\" decoding=\"async\" width=\"1020\" height=\"340\" src=\"https:\/\/kimbaohotel.com.vn\/wp-content\/uploads\/sites\/128\/2019\/08\/room-5.jpg\" class=\"attachment-large size-large\" alt=\"\" srcset=\"https:\/\/kimbaohotel.com.vn\/wp-content\/uploads\/sites\/128\/2019\/08\/room-5.jpg 1200w, https:\/\/kimbaohotel.com.vn\/wp-content\/uploads\/sites\/128\/2019\/08\/room-5-300x100.jpg 300w, https:\/\/kimbaohotel.com.vn\/wp-content\/uploads\/sites\/128\/2019\/08\/room-5-768x256.jpg 768w\" sizes=\"auto, (max-width: 1020px) 100vw, 1020px\" \/><\/div>\n            \n<style>\n#banner-1357945456 .overlay {\n  background-color: rgba(190, 190, 190, 0);\n}\n#banner-1357945456 {\n  background-color: rgb(255, 255, 255);\n}\n<\/style>\n  <\/div>\n\n\n\t\t<\/div>\n\t\t\t\t\t<\/div>\n\n\t\n<\/div>\n","protected":false},"excerpt":{"rendered":"","protected":false},"author":2,"featured_media":0,"parent":0,"menu_order":0,"comment_status":"closed","ping_status":"closed","template":"page-transparent-header.php","meta":{"footnotes":""},"class_list":["post-235","page","type-page","status-publish","hentry"],"_links":{"self":[{"href":"https:\/\/kimbaohotel.com.vn\/vi\/wp-json\/wp\/v2\/pages\/235","targetHints":{"allow":["GET"]}}],"collection":[{"href":"https:\/\/kimbaohotel.com.vn\/vi\/wp-json\/wp\/v2\/pages"}],"about":[{"href":"https:\/\/kimbaohotel.com.vn\/vi\/wp-json\/wp\/v2\/types\/page"}],"author":[{"embeddable":true,"href":"https:\/\/kimbaohotel.com.vn\/vi\/wp-json\/wp\/v2\/users\/2"}],"replies":[{"embeddable":true,"href":"https:\/\/kimbaohotel.com.vn\/vi\/wp-json\/wp\/v2\/comments?post=235"}],"version-history":[{"count":0,"href":"https:\/\/kimbaohotel.com.vn\/vi\/wp-json\/wp\/v2\/pages\/235\/revisions"}],"wp:attachment":[{"href":"https:\/\/kimbaohotel.com.vn\/vi\/wp-json\/wp\/v2\/media?parent=235"}],"curies":[{"name":"wp","href":"https:\/\/api.w.org\/{rel}","templated":true}]}}