{"id":234,"date":"2019-08-29T16:07:23","date_gmt":"2019-08-29T16:07:23","guid":{"rendered":"https:\/\/trangwebvang.net\/kimbaohotel\/?page_id=234"},"modified":"2019-09-21T07:42:16","modified_gmt":"2019-09-21T07:42:16","slug":"gioi-thieu","status":"publish","type":"page","link":"https:\/\/kimbaohotel.com.vn\/vi\/gioi-thieu\/","title":{"rendered":"Gi\u1edbi thi\u1ec7u"},"content":{"rendered":"<div class=\"slider-wrapper relative\" id=\"slider-902331592\" >\n    <div class=\"slider slider-nav-circle slider-nav-large slider-nav-light slider-style-normal\"\n        data-flickity-options='{\n            \"cellAlign\": \"center\",\n            \"imagesLoaded\": true,\n            \"lazyLoad\": 1,\n            \"freeScroll\": false,\n            \"wrapAround\": true,\n            \"autoPlay\": 4500,\n            \"pauseAutoPlayOnHover\" : true,\n            \"prevNextButtons\": true,\n            \"contain\" : true,\n            \"adaptiveHeight\" : true,\n            \"dragThreshold\" : 10,\n            \"percentPosition\": true,\n            \"pageDots\": false,\n            \"rightToLeft\": false,\n            \"draggable\": true,\n            \"selectedAttraction\": 0.1,\n            \"parallax\" : 0,\n            \"friction\": 0.6        }'\n        >\n        \n\t<div class=\"img has-hover x md-x lg-x y md-y lg-y\" id=\"image_864870784\">\n\t\t\t\t\t\t\t\t<div class=\"img-inner dark\" >\n\t\t\t<img loading=\"lazy\" decoding=\"async\" width=\"1020\" height=\"340\" src=\"https:\/\/kimbaohotel.com.vn\/wp-content\/uploads\/sites\/128\/2019\/09\/about.jpg\" class=\"attachment-large size-large\" alt=\"\" srcset=\"https:\/\/kimbaohotel.com.vn\/wp-content\/uploads\/sites\/128\/2019\/09\/about.jpg 1200w, https:\/\/kimbaohotel.com.vn\/wp-content\/uploads\/sites\/128\/2019\/09\/about-300x100.jpg 300w, https:\/\/kimbaohotel.com.vn\/wp-content\/uploads\/sites\/128\/2019\/09\/about-768x256.jpg 768w\" sizes=\"auto, (max-width: 1020px) 100vw, 1020px\" \/>\t\t\t\t\t\t\n\t\t\t\t\t<\/div>\n\t\t\t\t\t\t\t\t\n<style>\n#image_864870784 {\n  width: 100%;\n}\n<\/style>\n\t<\/div>\n\t\n\t<div class=\"img has-hover x md-x lg-x y md-y lg-y\" id=\"image_136170029\">\n\t\t\t\t\t\t\t\t<div class=\"img-inner dark\" >\n\t\t\t<img loading=\"lazy\" decoding=\"async\" width=\"1020\" height=\"340\" src=\"https:\/\/kimbaohotel.com.vn\/wp-content\/uploads\/sites\/128\/2019\/08\/banner_contact4.jpg\" class=\"attachment-large size-large\" alt=\"\" srcset=\"https:\/\/kimbaohotel.com.vn\/wp-content\/uploads\/sites\/128\/2019\/08\/banner_contact4.jpg 1200w, https:\/\/kimbaohotel.com.vn\/wp-content\/uploads\/sites\/128\/2019\/08\/banner_contact4-300x100.jpg 300w, https:\/\/kimbaohotel.com.vn\/wp-content\/uploads\/sites\/128\/2019\/08\/banner_contact4-768x256.jpg 768w\" sizes=\"auto, (max-width: 1020px) 100vw, 1020px\" \/>\t\t\t\t\t\t\n\t\t\t\t\t<\/div>\n\t\t\t\t\t\t\t\t\n<style>\n#image_136170029 {\n  width: 100%;\n}\n<\/style>\n\t<\/div>\n\t\n\t<div class=\"img has-hover x md-x lg-x y md-y lg-y\" id=\"image_848910878\">\n\t\t\t\t\t\t\t\t<div class=\"img-inner dark\" >\n\t\t\t<img loading=\"lazy\" decoding=\"async\" width=\"1020\" height=\"340\" src=\"https:\/\/kimbaohotel.com.vn\/wp-content\/uploads\/sites\/128\/2019\/09\/about1.jpg\" class=\"attachment-large size-large\" alt=\"\" srcset=\"https:\/\/kimbaohotel.com.vn\/wp-content\/uploads\/sites\/128\/2019\/09\/about1.jpg 1200w, https:\/\/kimbaohotel.com.vn\/wp-content\/uploads\/sites\/128\/2019\/09\/about1-300x100.jpg 300w, https:\/\/kimbaohotel.com.vn\/wp-content\/uploads\/sites\/128\/2019\/09\/about1-768x256.jpg 768w\" sizes=\"auto, (max-width: 1020px) 100vw, 1020px\" \/>\t\t\t\t\t\t\n\t\t\t\t\t<\/div>\n\t\t\t\t\t\t\t\t\n<style>\n#image_848910878 {\n  width: 100%;\n}\n<\/style>\n\t<\/div>\n\t\n\t<div class=\"img has-hover x md-x lg-x y md-y lg-y\" id=\"image_1394803236\">\n\t\t\t\t\t\t\t\t<div class=\"img-inner dark\" >\n\t\t\t<img loading=\"lazy\" decoding=\"async\" width=\"1020\" height=\"340\" src=\"https:\/\/kimbaohotel.com.vn\/wp-content\/uploads\/sites\/128\/2019\/09\/about2.jpg\" class=\"attachment-large size-large\" alt=\"\" srcset=\"https:\/\/kimbaohotel.com.vn\/wp-content\/uploads\/sites\/128\/2019\/09\/about2.jpg 1200w, https:\/\/kimbaohotel.com.vn\/wp-content\/uploads\/sites\/128\/2019\/09\/about2-300x100.jpg 300w, https:\/\/kimbaohotel.com.vn\/wp-content\/uploads\/sites\/128\/2019\/09\/about2-768x256.jpg 768w\" sizes=\"auto, (max-width: 1020px) 100vw, 1020px\" \/>\t\t\t\t\t\t\n\t\t\t\t\t<\/div>\n\t\t\t\t\t\t\t\t\n<style>\n#image_1394803236 {\n  width: 100%;\n}\n<\/style>\n\t<\/div>\n\t\n     <\/div>\n\n     <div class=\"loading-spin dark large centered\"><\/div>\n\n\t<\/div>\n\n\n<div class=\"row\"  id=\"row-157350934\">\n\n\t<div id=\"col-1770298947\" class=\"col small-12 large-12\"  >\n\t\t\t\t<div class=\"col-inner\"  >\n\t\t\t\n\t\t\t\n<div class=\"container section-title-container\" ><h2 class=\"section-title section-title-center\"><b><\/b><span class=\"section-title-main\" >Gi\u1edbi thi\u1ec7u<\/span><b><\/b><\/h2><\/div>\n<div class=\"row\"  id=\"row-487557914\">\n\n\t<div id=\"col-1434432139\" class=\"col medium-6 small-12 large-6\"  data-animate=\"fadeInLeft\">\n\t\t\t\t<div class=\"col-inner\" style=\"background-color:rgb(243, 243, 243);\" >\n\t\t\t\n\t\t\t\n<p style=\"text-align: justify\"><span style=\"font-size: 130%\"><strong>Kh\u00e1ch s\u1ea1n Kim B\u1ea3o<\/strong> \u0111\u1ea1t ti\u00eau chu\u1ea9n 3 sao t\u1ecda l\u1ea1c t\u1ea1i s\u1ed1 16 V\u01b0\u01a1ng Chi\u00eau, TP H\u1ea3i D\u01b0\u01a1ng. N\u1eb1m c\u1ea1nh \u0111\u01b0\u1eddng qu\u1ed1c l\u1ed9 s\u1ed1 5, Qu\u00fd kh\u00e1ch ch\u1ec9 m\u1ea5t 2 ph\u00fat \u0111\u1ec3 \u0111i b\u1ed9 t\u1edbi h\u1ed3 B\u1ea1ch \u0110\u1eb1ng v\u00e0 15 ph\u00fat \u0111\u1ec3 t\u1edbi trung t\u00e2m th\u00e0nh ph\u1ed1. V\u1edbi 40 c\u0103n h\u1ed9 v\u00e0 27 ph\u00f2ng kh\u00e1ch s\u1ea1n \u0111\u1ea1t ti\u00eau chu\u1ea9n, thi\u1ebft k\u1ebf hi\u1ec7n \u0111\u1ea1i, trang thi\u1ebft b\u1ecb \u0111\u01b0\u1ee3c \u0111\u1ea7u t\u01b0 m\u1edbi ho\u00e0n to\u00e0n s\u1ebd mang l\u1ea1i cho qu\u00fd kh\u00e1ch s\u1ef1 ti\u1ec7n nghi, tho\u1ea3i m\u00e1i v\u00e0 sang tr\u1ecdng. Kh\u00e1ch s\u1ea1n c\u00f2n s\u1edf h\u1eefu 1 nh\u00e0 h\u00e0ng, 1 qu\u1ea7y bar-caf\u00e9, 1 ph\u00f2ng h\u1ed9i ngh\u1ecb v\u00e0 s\u1ef1 ki\u1ec7n v\u1edbi s\u1ee9c ch\u1ee9a t\u1ed1i \u0111a 150 kh\u00e1ch, b\u1ec3 b\u01a1i ngo\u00e0i tr\u1eddi v\u00e0 1 ph\u00f2ng t\u1eadp Gym \u0111\u00e1p \u1ee9ng m\u1ecdi nhu c\u1ea7u thi\u1ebft y\u1ebfu c\u1ee7a qu\u00fd kh\u00e1ch trong th\u1eddi gian l\u01b0u tr\u00fa t\u1ea1i \u0111\u00e2y.<\/span><\/p>\n<h2 style=\"text-align: justify\"><span style=\"font-size: 140%\">Th\u00f4ng tin kh\u00e1ch s\u1ea1n:<\/span><\/h2>\n<ul>\n<li style=\"text-align: justify\"><span style=\"font-size: 120%\">Gi\u1edd nh\u1eadn ph\u00f2ng: 2:00 PM<\/span><\/li>\n<li style=\"text-align: justify\"><span style=\"font-size: 120%\">Gi\u1edd tr\u1ea3 ph\u00f2ng: 12:00 PM<\/span><\/li>\n<li style=\"text-align: justify\"><span style=\"font-size: 120%\">B\u00e3i \u0111\u1ed7 xe mi\u1ec5n ph\u00ed<\/span><\/li>\n<li style=\"text-align: justify\"><span style=\"font-size: 120%\">D\u1ecbch v\u1ee5 taxi<\/span><\/li>\n<li style=\"text-align: justify\"><span style=\"font-size: 120%\">D\u1ecbch v\u1ee5 wi-fi mi\u1ec5n ph\u00ed<\/span><\/li>\n<li style=\"text-align: justify\"><span style=\"font-size: 120%\">Ch\u1ea5p nh\u1eadn thanh to\u00e1n h\u1ea7u h\u1ebft c\u00e1c th\u1ebb t\u00edn d\u1ee5ng<\/span><\/li>\n<\/ul>\n\t\t<\/div>\n\t\t\t\t\n<style>\n#col-1434432139 > .col-inner {\n  padding: 15px 15px 0px 15px;\n  margin: px 0px 0px 0px;\n}\n<\/style>\n\t<\/div>\n\n\t\n\n\t<div id=\"col-699724527\" class=\"col medium-6 small-12 large-6\"  data-animate=\"fadeInRight\">\n\t\t\t\t<div class=\"col-inner\"  >\n\t\t\t\n\t\t\t\n\t<div class=\"img has-hover x md-x lg-x y md-y lg-y\" id=\"image_1081377501\">\n\t\t\t\t\t\t\t\t<div class=\"img-inner dark\" >\n\t\t\t<img loading=\"lazy\" decoding=\"async\" width=\"700\" height=\"740\" src=\"https:\/\/kimbaohotel.com.vn\/wp-content\/uploads\/sites\/128\/2019\/09\/0-1.jpg\" class=\"attachment-large size-large\" alt=\"\" srcset=\"https:\/\/kimbaohotel.com.vn\/wp-content\/uploads\/sites\/128\/2019\/09\/0-1.jpg 700w, https:\/\/kimbaohotel.com.vn\/wp-content\/uploads\/sites\/128\/2019\/09\/0-1-284x300.jpg 284w\" sizes=\"auto, (max-width: 700px) 100vw, 700px\" \/>\t\t\t\t\t\t\n\t\t\t\t\t<\/div>\n\t\t\t\t\t\t\t\t\n<style>\n#image_1081377501 {\n  width: 100%;\n}\n<\/style>\n\t<\/div>\n\t\n\t\t<\/div>\n\t\t\t\t\t<\/div>\n\n\t\n<\/div>\n\t\t<\/div>\n\t\t\t\t\t<\/div>\n\n\t\n<\/div>\n","protected":false},"excerpt":{"rendered":"","protected":false},"author":2,"featured_media":0,"parent":0,"menu_order":0,"comment_status":"closed","ping_status":"closed","template":"page-transparent-header.php","meta":{"footnotes":""},"class_list":["post-234","page","type-page","status-publish","hentry"],"_links":{"self":[{"href":"https:\/\/kimbaohotel.com.vn\/vi\/wp-json\/wp\/v2\/pages\/234","targetHints":{"allow":["GET"]}}],"collection":[{"href":"https:\/\/kimbaohotel.com.vn\/vi\/wp-json\/wp\/v2\/pages"}],"about":[{"href":"https:\/\/kimbaohotel.com.vn\/vi\/wp-json\/wp\/v2\/types\/page"}],"author":[{"embeddable":true,"href":"https:\/\/kimbaohotel.com.vn\/vi\/wp-json\/wp\/v2\/users\/2"}],"replies":[{"embeddable":true,"href":"https:\/\/kimbaohotel.com.vn\/vi\/wp-json\/wp\/v2\/comments?post=234"}],"version-history":[{"count":0,"href":"https:\/\/kimbaohotel.com.vn\/vi\/wp-json\/wp\/v2\/pages\/234\/revisions"}],"wp:attachment":[{"href":"https:\/\/kimbaohotel.com.vn\/vi\/wp-json\/wp\/v2\/media?parent=234"}],"curies":[{"name":"wp","href":"https:\/\/api.w.org\/{rel}","templated":true}]}}